{"id":4392,"date":"2023-11-08T08:34:41","date_gmt":"2023-11-08T01:34:41","guid":{"rendered":"https:\/\/nhadatclub.com\/hadong\/?page_id=4392"},"modified":"2023-11-08T10:29:56","modified_gmt":"2023-11-08T03:29:56","slug":"ban-do-gia-nha-dat-khu-do-thi-van-khe","status":"publish","type":"page","link":"https:\/\/nhadatclub.com\/hadong\/khu-do-thi-van-khe-ha-dong\/ban-do-gia-nha-dat-khu-do-thi-van-khe","title":{"rendered":"B\u1ea3n \u0110\u1ed3 Gi\u00e1 Nh\u00e0 \u0110\u1ea5t Khu \u0110\u00f4 Th\u1ecb V\u0103n Kh\u00ea"},"content":{"rendered":"\n<div id=\"wp-block-themeisle-blocks-advanced-columns-bb7dee94\" class=\"wp-block-themeisle-blocks-advanced-columns has-1-columns has-desktop-equal-layout has-tablet-equal-layout has-mobile-equal-layout has-vertical-unset\"><div class=\"wp-block-themeisle-blocks-advanced-columns-overlay\"><\/div><div class=\"innerblocks-wrap\">\n<div id=\"wp-block-themeisle-blocks-advanced-column-91d1a267\" class=\"wp-block-themeisle-blocks-advanced-column\">\n<iframe loading=\"lazy\" title=\"B\u1ea3n \u0111\u1ed3 gi\u00e1 nh\u00e0 \u0111\u1ea5t Khu \u0111\u00f4 th\u1ecb V\u0103n Kh\u00ea\" src=\"https:\/\/www.google.com\/maps\/d\/embed?mid=1ZraXeTGfBxi9wPDdZxWFFUYHBxxuE-Y&#038;ehbc=2E312F\" width=\"100%\" height=\"650\"><\/iframe>\n\n\n\n<h2 class=\"wp-block-heading\" id=\"h-b\u1ea3n-d\u1ed3-gia-nha-d\u1ea5t-khu-do-th\u1ecb-van-khe-ha-dong-kham-pha-th\u1ecb-tr\u01b0\u1eddng-b\u1ea5t-d\u1ed9ng-s\u1ea3n-t\u1ea1i-n\u01a1i-s\u1ea7m-u\u1ea5t\"><strong>B\u1ea3n \u0110\u1ed3 Gi\u00e1 Nh\u00e0 \u0110\u1ea5t Khu \u0110\u00f4 Th\u1ecb V\u0103n Kh\u00ea, H\u00e0 \u0110\u00f4ng &#8211; Kh\u00e1m Ph\u00e1 Th\u1ecb Tr\u01b0\u1eddng B\u1ea5t \u0110\u1ed9ng S\u1ea3n T\u1ea1i N\u01a1i S\u1ea7m U\u1ea5t<\/strong><\/h2>\n\n\n<div class=\"wp-block-image\">\n<figure class=\"alignleft size-medium\"><img loading=\"lazy\" decoding=\"async\" width=\"555\" height=\"312\" src=\"https:\/\/nhadatclub.com\/hadong\/wp-content\/uploads\/2023\/11\/Chung-cu-tai-khu-do-thi-Van-Khe-555x312.jpg\" alt=\"Chung c\u01b0 t\u1ea1i khu \u0111\u00f4 th\u1ecb V\u0103n Kh\u00ea\" class=\"wp-image-4355\" srcset=\"https:\/\/nhadatclub.com\/hadong\/wp-content\/uploads\/2023\/11\/Chung-cu-tai-khu-do-thi-Van-Khe-555x312.jpg 555w, https:\/\/nhadatclub.com\/hadong\/wp-content\/uploads\/2023\/11\/Chung-cu-tai-khu-do-thi-Van-Khe-360x202.jpg 360w, https:\/\/nhadatclub.com\/hadong\/wp-content\/uploads\/2023\/11\/Chung-cu-tai-khu-do-thi-Van-Khe-768x432.jpg 768w, https:\/\/nhadatclub.com\/hadong\/wp-content\/uploads\/2023\/11\/Chung-cu-tai-khu-do-thi-Van-Khe.jpg 800w\" sizes=\"auto, (max-width: 555px) 100vw, 555px\" \/><figcaption class=\"wp-element-caption\">Chung c\u01b0 t\u1ea1i khu \u0111\u00f4 th\u1ecb V\u0103n Kh\u00ea<\/figcaption><\/figure><\/div>\n\n\n<p>Nh\u00e0 \u0110\u1ea5t Club xin h\u00e2n h\u1ea1nh gi\u1edbi thi\u1ec7u B\u1ea3n \u0110\u1ed3 Gi\u00e1 Nh\u00e0 \u0110\u1ea5t t\u1ea1i <a href=\"https:\/\/nhadatclub.com\/hadong\/khu-do-thi-van-khe-ha-dong\">Khu \u0110\u00f4 Th\u1ecb V\u0103n Kh\u00ea<\/a>, H\u00e0 \u0110\u00f4ng &#8211; m\u1ed9t c\u00f4ng c\u1ee5 m\u1ea1nh m\u1ebd gi\u00fap b\u1ea1n kh\u00e1m ph\u00e1 th\u1ecb tr\u01b0\u1eddng b\u1ea5t \u0111\u1ed9ng s\u1ea3n t\u1ea1i khu v\u1ef1c \u0111ang ph\u00e1t tri\u1ec3n v\u01b0\u1ee3t b\u1eadc n\u00e0y. Khu \u0110\u00f4 Th\u1ecb V\u0103n Kh\u00ea, H\u00e0 \u0110\u00f4ng l\u00e0 \u0111i\u1ec3m n\u00f3ng thu h\u00fat s\u1ef1 quan t\u00e2m c\u1ee7a nh\u1eefng ng\u01b0\u1eddi \u0111ang t\u00ecm ki\u1ebfm c\u01a1 h\u1ed9i \u0111\u1ea7u t\u01b0 ho\u1eb7c t\u00ecm ki\u1ebfm ng\u00f4i nh\u00e0 m\u01a1 \u01b0\u1edbc.<\/p>\n\n\n\n<h2 class=\"wp-block-heading\"><strong>V\u1ec1 Khu \u0110\u00f4 Th\u1ecb V\u0103n Kh\u00ea, H\u00e0 \u0110\u00f4ng<\/strong><\/h2>\n\n\n\n<p>Khu \u0110\u00f4 Th\u1ecb V\u0103n Kh\u00ea n\u1eb1m \u1edf v\u1ecb tr\u00ed chi\u1ebfn l\u01b0\u1ee3c ph\u00eda T\u00e2y H\u00e0 N\u1ed9i v\u00e0 \u0111\u01b0\u1ee3c bi\u1ebft \u0111\u1ebfn v\u1edbi c\u01a1 s\u1edf h\u1ea1 t\u1ea7ng hi\u1ec7n \u0111\u1ea1i, kh\u00f4ng gian xanh m\u00e1t v\u00e0 nhi\u1ec1u ti\u1ec7n \u00edch d\u1ecbch v\u1ee5. V\u1edbi s\u1ef1 ph\u00e1t tri\u1ec3n \u0111a d\u1ea1ng v\u1ec1 lo\u1ea1i h\u00ecnh b\u1ea5t \u0111\u1ed9ng s\u1ea3n nh\u01b0 c\u0103n h\u1ed9, nh\u00e0 ph\u1ed1, bi\u1ec7t th\u1ef1, v\u00e0 \u0111\u1ea5t n\u1ec1n, khu v\u1ef1c n\u00e0y h\u1ee9a h\u1eb9n nhi\u1ec1u c\u01a1 h\u1ed9i \u0111\u1ea7u t\u01b0 v\u00e0 s\u1ef1 l\u1ef1a ch\u1ecdn \u0111a d\u1ea1ng cho ng\u01b0\u1eddi mua.<\/p>\n\n\n\n<h2 class=\"wp-block-heading\"><strong>T\u1ea1i sao n\u00ean s\u1eed d\u1ee5ng B\u1ea3n \u0110\u1ed3 Gi\u00e1 Nh\u00e0 \u0110\u1ea5t Khu \u0110\u00f4 Th\u1ecb V\u0103n Kh\u00ea?<\/strong><\/h2>\n\n\n<div class=\"wp-block-image\">\n<figure class=\"alignright size-full\"><img loading=\"lazy\" decoding=\"async\" width=\"555\" height=\"312\" src=\"https:\/\/nhadatclub.com\/hadong\/wp-content\/uploads\/2023\/11\/Biet-thu-Van-Khe.jpg\" alt=\"Bi\u1ec7t th\u1ef1 V\u0103n Kh\u00ea\" class=\"wp-image-4183\" srcset=\"https:\/\/nhadatclub.com\/hadong\/wp-content\/uploads\/2023\/11\/Biet-thu-Van-Khe.jpg 555w, https:\/\/nhadatclub.com\/hadong\/wp-content\/uploads\/2023\/11\/Biet-thu-Van-Khe-360x202.jpg 360w\" sizes=\"auto, (max-width: 555px) 100vw, 555px\" \/><figcaption class=\"wp-element-caption\">Bi\u1ec7t th\u1ef1 V\u0103n Kh\u00ea<\/figcaption><\/figure><\/div>\n\n\n<ol class=\"wp-block-list\">\n<li><strong>Th\u00f4ng tin \u0111a d\u1ea1ng<\/strong>: B\u1ea3n \u0111\u1ed3 n\u00e0y cung c\u1ea5p m\u1ed9t c\u00e1i nh\u00ecn t\u1ed5ng quan v\u1ec1 th\u1ecb tr\u01b0\u1eddng b\u1ea5t \u0111\u1ed9ng s\u1ea3n t\u1ea1i Khu \u0110\u00f4 Th\u1ecb V\u0103n Kh\u00ea, v\u1edbi th\u00f4ng tin v\u1ec1 gi\u00e1 b\u00e1n, di\u1ec7n t\u00edch, lo\u1ea1i h\u00ecnh b\u1ea5t \u0111\u1ed9ng s\u1ea3n, v\u00e0 nhi\u1ec1u chi ti\u1ebft kh\u00e1c.<\/li>\n\n\n\n<li><strong>T\u00f9y ch\u1ec9nh l\u1ef1a ch\u1ecdn<\/strong>: B\u1ea1n c\u00f3 th\u1ec3 d\u1ec5 d\u00e0ng l\u1ecdc th\u00f4ng tin \u0111\u1ec3 t\u00ecm ki\u1ebfm theo lo\u1ea1i h\u00ecnh, m\u1ee9c gi\u00e1, v\u1ecb tr\u00ed c\u1ee5 th\u1ec3, ho\u1eb7c b\u1ea5t k\u1ef3 y\u00eau c\u1ea7u n\u00e0o kh\u00e1c.<\/li>\n\n\n\n<li><strong>Li\u00ean k\u1ebft chi ti\u1ebft<\/strong>: Ch\u00fang t\u00f4i \u0111\u00e3 li\u00ean k\u1ebft c\u00e1c th\u00f4ng tin v\u1edbi trang web Nh\u00e0 \u0110\u1ea5t Club, n\u01a1i b\u1ea1n c\u00f3 th\u1ec3 xem th\u00f4ng tin chi ti\u1ebft, \u1ea3nh, v\u00e0 li\u00ean h\u1ec7 tr\u1ef1c ti\u1ebfp v\u1edbi ng\u01b0\u1eddi b\u00e1n.<\/li>\n\n\n\n<li><strong>C\u1eadp nh\u1eadt th\u01b0\u1eddng xuy\u00ean<\/strong>: B\u1ea3n \u0111\u1ed3 \u0111\u01b0\u1ee3c c\u1eadp nh\u1eadt \u0111\u1ecbnh k\u1ef3 \u0111\u1ec3 \u0111\u1ea3m b\u1ea3o r\u1eb1ng b\u1ea1n lu\u00f4n nh\u1eadn \u0111\u01b0\u1ee3c th\u00f4ng tin m\u1edbi nh\u1ea5t v\u1ec1 th\u1ecb tr\u01b0\u1eddng b\u1ea5t \u0111\u1ed9ng s\u1ea3n t\u1ea1i Khu \u0110\u00f4 Th\u1ecb V\u0103n Kh\u00ea.<\/li>\n<\/ol>\n\n\n\n<p><strong>Kh\u00e1m Ph\u00e1 B\u1ea3n \u0110\u1ed3 Gi\u00e1 Nh\u00e0 \u0110\u1ea5t Khu \u0110\u00f4 Th\u1ecb V\u0103n Kh\u00ea, H\u00e0 \u0110\u00f4ng ngay h\u00f4m nay v\u00e0 \u0111\u1eebng b\u1ecf l\u1ee1 c\u01a1 h\u1ed9i t\u00ecm ki\u1ebfm m\u1ed9t ng\u00f4i nh\u00e0 ho\u1eb7c c\u01a1 h\u1ed9i \u0111\u1ea7u t\u01b0 th\u00fa v\u1ecb t\u1ea1i khu v\u1ef1c n\u00e0y.<\/strong><\/p>\n<\/div>\n<\/div><\/div>\n","protected":false},"excerpt":{"rendered":"","protected":false},"author":1,"featured_media":4444,"parent":365,"menu_order":0,"comment_status":"closed","ping_status":"closed","template":"","meta":{"neve_meta_sidebar":"","neve_meta_container":"","neve_meta_enable_content_width":"","neve_meta_content_width":0,"neve_meta_title_alignment":"","neve_meta_author_avatar":"","neve_post_elements_order":"","neve_meta_disable_header":"","neve_meta_disable_footer":"","neve_meta_disable_title":"on","neve_meta_reading_time":"","_themeisle_gutenberg_block_has_review":false,"jetpack_post_was_ever_published":false,"footnotes":""},"class_list":["post-4392","page","type-page","status-publish","has-post-thumbnail","hentry"],"yoast_head":"<!-- This site is optimized with the Yoast SEO Premium plugin v26.2 (Yoast SEO v27.3) - https:\/\/yoast.com\/product\/yoast-seo-premium-wordpress\/ -->\n<title>B\u1ea3n \u0110\u1ed3 Gi\u00e1 Nh\u00e0 \u0110\u1ea5t Khu \u0110\u00f4 Th\u1ecb V\u0103n Kh\u00ea - Nh\u00e0 \u0111\u1ea5t H\u00e0 \u0110\u00f4ng<\/title>\n<meta name=\"description\" content=\"Nh\u00e0 \u0110\u1ea5t Club xin h\u00e2n h\u1ea1nh gi\u1edbi thi\u1ec7u B\u1ea3n \u0110\u1ed3 Gi\u00e1 Nh\u00e0 \u0110\u1ea5t t\u1ea1i Khu \u0110\u00f4 Th\u1ecb V\u0103n Kh\u00ea, H\u00e0 \u0110\u00f4ng - m\u1ed9t c\u00f4ng c\u1ee5 m\u1ea1nh m\u1ebd gi\u00fap b\u1ea1n tham kh\u1ea3o gi\u00e1 nh\u00e0 \u0111\u1ea5t\" \/>\n<meta name=\"robots\" content=\"index, follow, max-snippet:-1, max-image-preview:large, max-video-preview:-1\" \/>\n<link rel=\"canonical\" href=\"https:\/\/nhadatclub.com\/hadong\/khu-do-thi-van-khe-ha-dong\/ban-do-gia-nha-dat-khu-do-thi-van-khe\" \/>\n<meta property=\"og:locale\" content=\"vi_VN\" \/>\n<meta property=\"og:type\" content=\"article\" \/>\n<meta property=\"og:title\" content=\"B\u1ea3n \u0110\u1ed3 Gi\u00e1 Nh\u00e0 \u0110\u1ea5t Khu \u0110\u00f4 Th\u1ecb V\u0103n Kh\u00ea\" \/>\n<meta property=\"og:description\" content=\"Nh\u00e0 \u0110\u1ea5t Club xin h\u00e2n h\u1ea1nh gi\u1edbi thi\u1ec7u B\u1ea3n \u0110\u1ed3 Gi\u00e1 Nh\u00e0 \u0110\u1ea5t t\u1ea1i Khu \u0110\u00f4 Th\u1ecb V\u0103n Kh\u00ea, H\u00e0 \u0110\u00f4ng - m\u1ed9t c\u00f4ng c\u1ee5 m\u1ea1nh m\u1ebd gi\u00fap b\u1ea1n tham kh\u1ea3o gi\u00e1 nh\u00e0 \u0111\u1ea5t\" \/>\n<meta property=\"og:url\" content=\"https:\/\/nhadatclub.com\/hadong\/khu-do-thi-van-khe-ha-dong\/ban-do-gia-nha-dat-khu-do-thi-van-khe\" \/>\n<meta property=\"og:site_name\" content=\"Nh\u00e0 \u0111\u1ea5t H\u00e0 \u0110\u00f4ng\" \/>\n<meta property=\"article:publisher\" content=\"https:\/\/www.facebook.com\/muabannhadathadong\" \/>\n<meta property=\"article:modified_time\" content=\"2023-11-08T03:29:56+00:00\" \/>\n<meta property=\"og:image\" content=\"https:\/\/nhadatclub.com\/hadong\/wp-content\/uploads\/2023\/11\/vankhe-map.jpg\" \/>\n\t<meta property=\"og:image:width\" content=\"1200\" \/>\n\t<meta property=\"og:image:height\" content=\"630\" \/>\n\t<meta property=\"og:image:type\" content=\"image\/jpeg\" \/>\n<meta name=\"twitter:card\" content=\"summary_large_image\" \/>\n<meta name=\"twitter:label1\" content=\"\u01af\u1edbc t\u00ednh th\u1eddi gian \u0111\u1ecdc\" \/>\n\t<meta name=\"twitter:data1\" content=\"3 ph\u00fat\" \/>\n<script type=\"application\/ld+json\" class=\"yoast-schema-graph\">{\"@context\":\"https:\\\/\\\/schema.org\",\"@graph\":[{\"@type\":\"WebPage\",\"@id\":\"https:\\\/\\\/nhadatclub.com\\\/hadong\\\/khu-do-thi-van-khe-ha-dong\\\/ban-do-gia-nha-dat-khu-do-thi-van-khe\",\"url\":\"https:\\\/\\\/nhadatclub.com\\\/hadong\\\/khu-do-thi-van-khe-ha-dong\\\/ban-do-gia-nha-dat-khu-do-thi-van-khe\",\"name\":\"B\u1ea3n \u0110\u1ed3 Gi\u00e1 Nh\u00e0 \u0110\u1ea5t Khu \u0110\u00f4 Th\u1ecb V\u0103n Kh\u00ea - Nh\u00e0 \u0111\u1ea5t H\u00e0 \u0110\u00f4ng\",\"isPartOf\":{\"@id\":\"https:\\\/\\\/nhadatclub.com\\\/hadong\\\/#website\"},\"primaryImageOfPage\":{\"@id\":\"https:\\\/\\\/nhadatclub.com\\\/hadong\\\/khu-do-thi-van-khe-ha-dong\\\/ban-do-gia-nha-dat-khu-do-thi-van-khe#primaryimage\"},\"image\":{\"@id\":\"https:\\\/\\\/nhadatclub.com\\\/hadong\\\/khu-do-thi-van-khe-ha-dong\\\/ban-do-gia-nha-dat-khu-do-thi-van-khe#primaryimage\"},\"thumbnailUrl\":\"https:\\\/\\\/nhadatclub.com\\\/hadong\\\/wp-content\\\/uploads\\\/2023\\\/11\\\/vankhe-map.jpg\",\"datePublished\":\"2023-11-08T01:34:41+00:00\",\"dateModified\":\"2023-11-08T03:29:56+00:00\",\"description\":\"Nh\u00e0 \u0110\u1ea5t Club xin h\u00e2n h\u1ea1nh gi\u1edbi thi\u1ec7u B\u1ea3n \u0110\u1ed3 Gi\u00e1 Nh\u00e0 \u0110\u1ea5t t\u1ea1i Khu \u0110\u00f4 Th\u1ecb V\u0103n Kh\u00ea, H\u00e0 \u0110\u00f4ng - m\u1ed9t c\u00f4ng c\u1ee5 m\u1ea1nh m\u1ebd gi\u00fap b\u1ea1n tham kh\u1ea3o gi\u00e1 nh\u00e0 \u0111\u1ea5t\",\"breadcrumb\":{\"@id\":\"https:\\\/\\\/nhadatclub.com\\\/hadong\\\/khu-do-thi-van-khe-ha-dong\\\/ban-do-gia-nha-dat-khu-do-thi-van-khe#breadcrumb\"},\"inLanguage\":\"vi\",\"potentialAction\":[{\"@type\":\"ReadAction\",\"target\":[\"https:\\\/\\\/nhadatclub.com\\\/hadong\\\/khu-do-thi-van-khe-ha-dong\\\/ban-do-gia-nha-dat-khu-do-thi-van-khe\"]}]},{\"@type\":\"ImageObject\",\"inLanguage\":\"vi\",\"@id\":\"https:\\\/\\\/nhadatclub.com\\\/hadong\\\/khu-do-thi-van-khe-ha-dong\\\/ban-do-gia-nha-dat-khu-do-thi-van-khe#primaryimage\",\"url\":\"https:\\\/\\\/nhadatclub.com\\\/hadong\\\/wp-content\\\/uploads\\\/2023\\\/11\\\/vankhe-map.jpg\",\"contentUrl\":\"https:\\\/\\\/nhadatclub.com\\\/hadong\\\/wp-content\\\/uploads\\\/2023\\\/11\\\/vankhe-map.jpg\",\"width\":1200,\"height\":630,\"caption\":\"B\u1ea3n \u0111\u1ed3 V\u0103n Kh\u00ea\"},{\"@type\":\"BreadcrumbList\",\"@id\":\"https:\\\/\\\/nhadatclub.com\\\/hadong\\\/khu-do-thi-van-khe-ha-dong\\\/ban-do-gia-nha-dat-khu-do-thi-van-khe#breadcrumb\",\"itemListElement\":[{\"@type\":\"ListItem\",\"position\":1,\"name\":\"H\u00e0 \u0110\u00f4ng\",\"item\":\"https:\\\/\\\/nhadatclub.com\\\/hadong\\\/\"},{\"@type\":\"ListItem\",\"position\":2,\"name\":\"Khu \u0111\u00f4 th\u1ecb V\u0103n Kh\u00ea, H\u00e0 \u0110\u00f4ng: Mua b\u00e1n v\u00e0 K\u00fd g\u1eedi nh\u00e0 \u0111\u1ea5t\",\"item\":\"https:\\\/\\\/nhadatclub.com\\\/hadong\\\/khu-do-thi-van-khe-ha-dong\"},{\"@type\":\"ListItem\",\"position\":3,\"name\":\"B\u1ea3n \u0110\u1ed3 Gi\u00e1 Nh\u00e0 \u0110\u1ea5t Khu \u0110\u00f4 Th\u1ecb V\u0103n Kh\u00ea\"}]},{\"@type\":\"WebSite\",\"@id\":\"https:\\\/\\\/nhadatclub.com\\\/hadong\\\/#website\",\"url\":\"https:\\\/\\\/nhadatclub.com\\\/hadong\\\/\",\"name\":\"Nh\u00e0 \u0111\u1ea5t H\u00e0 \u0110\u00f4ng\",\"description\":\"Mua b\u00e1n &amp; K\u00fd g\u1eedi nh\u00e0 \u0111\u1ea5t H\u00e0 \u0110\u00f4ng\",\"publisher\":{\"@id\":\"https:\\\/\\\/nhadatclub.com\\\/hadong\\\/#organization\"},\"potentialAction\":[{\"@type\":\"SearchAction\",\"target\":{\"@type\":\"EntryPoint\",\"urlTemplate\":\"https:\\\/\\\/nhadatclub.com\\\/hadong\\\/?s={search_term_string}\"},\"query-input\":{\"@type\":\"PropertyValueSpecification\",\"valueRequired\":true,\"valueName\":\"search_term_string\"}}],\"inLanguage\":\"vi\"},{\"@type\":\"Organization\",\"@id\":\"https:\\\/\\\/nhadatclub.com\\\/hadong\\\/#organization\",\"name\":\"Nh\u00e0 \u0111\u1ea5t H\u00e0 \u0110\u00f4ng\",\"url\":\"https:\\\/\\\/nhadatclub.com\\\/hadong\\\/\",\"logo\":{\"@type\":\"ImageObject\",\"inLanguage\":\"vi\",\"@id\":\"https:\\\/\\\/nhadatclub.com\\\/hadong\\\/#\\\/schema\\\/logo\\\/image\\\/\",\"url\":\"https:\\\/\\\/nhadatclub.com\\\/hadong\\\/wp-content\\\/uploads\\\/2023\\\/09\\\/hadonglogo.png\",\"contentUrl\":\"https:\\\/\\\/nhadatclub.com\\\/hadong\\\/wp-content\\\/uploads\\\/2023\\\/09\\\/hadonglogo.png\",\"width\":636,\"height\":150,\"caption\":\"Nh\u00e0 \u0111\u1ea5t H\u00e0 \u0110\u00f4ng\"},\"image\":{\"@id\":\"https:\\\/\\\/nhadatclub.com\\\/hadong\\\/#\\\/schema\\\/logo\\\/image\\\/\"},\"sameAs\":[\"https:\\\/\\\/www.facebook.com\\\/muabannhadathadong\",\"https:\\\/\\\/www.facebook.com\\\/groups\\\/bannhadathadong\"]}]}<\/script>\n<!-- \/ Yoast SEO Premium plugin. -->","yoast_head_json":{"title":"B\u1ea3n \u0110\u1ed3 Gi\u00e1 Nh\u00e0 \u0110\u1ea5t Khu \u0110\u00f4 Th\u1ecb V\u0103n Kh\u00ea - Nh\u00e0 \u0111\u1ea5t H\u00e0 \u0110\u00f4ng","description":"Nh\u00e0 \u0110\u1ea5t Club xin h\u00e2n h\u1ea1nh gi\u1edbi thi\u1ec7u B\u1ea3n \u0110\u1ed3 Gi\u00e1 Nh\u00e0 \u0110\u1ea5t t\u1ea1i Khu \u0110\u00f4 Th\u1ecb V\u0103n Kh\u00ea, H\u00e0 \u0110\u00f4ng - m\u1ed9t c\u00f4ng c\u1ee5 m\u1ea1nh m\u1ebd gi\u00fap b\u1ea1n tham kh\u1ea3o gi\u00e1 nh\u00e0 \u0111\u1ea5t","robots":{"index":"index","follow":"follow","max-snippet":"max-snippet:-1","max-image-preview":"max-image-preview:large","max-video-preview":"max-video-preview:-1"},"canonical":"https:\/\/nhadatclub.com\/hadong\/khu-do-thi-van-khe-ha-dong\/ban-do-gia-nha-dat-khu-do-thi-van-khe","og_locale":"vi_VN","og_type":"article","og_title":"B\u1ea3n \u0110\u1ed3 Gi\u00e1 Nh\u00e0 \u0110\u1ea5t Khu \u0110\u00f4 Th\u1ecb V\u0103n Kh\u00ea","og_description":"Nh\u00e0 \u0110\u1ea5t Club xin h\u00e2n h\u1ea1nh gi\u1edbi thi\u1ec7u B\u1ea3n \u0110\u1ed3 Gi\u00e1 Nh\u00e0 \u0110\u1ea5t t\u1ea1i Khu \u0110\u00f4 Th\u1ecb V\u0103n Kh\u00ea, H\u00e0 \u0110\u00f4ng - m\u1ed9t c\u00f4ng c\u1ee5 m\u1ea1nh m\u1ebd gi\u00fap b\u1ea1n tham kh\u1ea3o gi\u00e1 nh\u00e0 \u0111\u1ea5t","og_url":"https:\/\/nhadatclub.com\/hadong\/khu-do-thi-van-khe-ha-dong\/ban-do-gia-nha-dat-khu-do-thi-van-khe","og_site_name":"Nh\u00e0 \u0111\u1ea5t H\u00e0 \u0110\u00f4ng","article_publisher":"https:\/\/www.facebook.com\/muabannhadathadong","article_modified_time":"2023-11-08T03:29:56+00:00","og_image":[{"width":1200,"height":630,"url":"https:\/\/nhadatclub.com\/hadong\/wp-content\/uploads\/2023\/11\/vankhe-map.jpg","type":"image\/jpeg"}],"twitter_card":"summary_large_image","twitter_misc":{"\u01af\u1edbc t\u00ednh th\u1eddi gian \u0111\u1ecdc":"3 ph\u00fat"},"schema":{"@context":"https:\/\/schema.org","@graph":[{"@type":"WebPage","@id":"https:\/\/nhadatclub.com\/hadong\/khu-do-thi-van-khe-ha-dong\/ban-do-gia-nha-dat-khu-do-thi-van-khe","url":"https:\/\/nhadatclub.com\/hadong\/khu-do-thi-van-khe-ha-dong\/ban-do-gia-nha-dat-khu-do-thi-van-khe","name":"B\u1ea3n \u0110\u1ed3 Gi\u00e1 Nh\u00e0 \u0110\u1ea5t Khu \u0110\u00f4 Th\u1ecb V\u0103n Kh\u00ea - Nh\u00e0 \u0111\u1ea5t H\u00e0 \u0110\u00f4ng","isPartOf":{"@id":"https:\/\/nhadatclub.com\/hadong\/#website"},"primaryImageOfPage":{"@id":"https:\/\/nhadatclub.com\/hadong\/khu-do-thi-van-khe-ha-dong\/ban-do-gia-nha-dat-khu-do-thi-van-khe#primaryimage"},"image":{"@id":"https:\/\/nhadatclub.com\/hadong\/khu-do-thi-van-khe-ha-dong\/ban-do-gia-nha-dat-khu-do-thi-van-khe#primaryimage"},"thumbnailUrl":"https:\/\/nhadatclub.com\/hadong\/wp-content\/uploads\/2023\/11\/vankhe-map.jpg","datePublished":"2023-11-08T01:34:41+00:00","dateModified":"2023-11-08T03:29:56+00:00","description":"Nh\u00e0 \u0110\u1ea5t Club xin h\u00e2n h\u1ea1nh gi\u1edbi thi\u1ec7u B\u1ea3n \u0110\u1ed3 Gi\u00e1 Nh\u00e0 \u0110\u1ea5t t\u1ea1i Khu \u0110\u00f4 Th\u1ecb V\u0103n Kh\u00ea, H\u00e0 \u0110\u00f4ng - m\u1ed9t c\u00f4ng c\u1ee5 m\u1ea1nh m\u1ebd gi\u00fap b\u1ea1n tham kh\u1ea3o gi\u00e1 nh\u00e0 \u0111\u1ea5t","breadcrumb":{"@id":"https:\/\/nhadatclub.com\/hadong\/khu-do-thi-van-khe-ha-dong\/ban-do-gia-nha-dat-khu-do-thi-van-khe#breadcrumb"},"inLanguage":"vi","potentialAction":[{"@type":"ReadAction","target":["https:\/\/nhadatclub.com\/hadong\/khu-do-thi-van-khe-ha-dong\/ban-do-gia-nha-dat-khu-do-thi-van-khe"]}]},{"@type":"ImageObject","inLanguage":"vi","@id":"https:\/\/nhadatclub.com\/hadong\/khu-do-thi-van-khe-ha-dong\/ban-do-gia-nha-dat-khu-do-thi-van-khe#primaryimage","url":"https:\/\/nhadatclub.com\/hadong\/wp-content\/uploads\/2023\/11\/vankhe-map.jpg","contentUrl":"https:\/\/nhadatclub.com\/hadong\/wp-content\/uploads\/2023\/11\/vankhe-map.jpg","width":1200,"height":630,"caption":"B\u1ea3n \u0111\u1ed3 V\u0103n Kh\u00ea"},{"@type":"BreadcrumbList","@id":"https:\/\/nhadatclub.com\/hadong\/khu-do-thi-van-khe-ha-dong\/ban-do-gia-nha-dat-khu-do-thi-van-khe#breadcrumb","itemListElement":[{"@type":"ListItem","position":1,"name":"H\u00e0 \u0110\u00f4ng","item":"https:\/\/nhadatclub.com\/hadong\/"},{"@type":"ListItem","position":2,"name":"Khu \u0111\u00f4 th\u1ecb V\u0103n Kh\u00ea, H\u00e0 \u0110\u00f4ng: Mua b\u00e1n v\u00e0 K\u00fd g\u1eedi nh\u00e0 \u0111\u1ea5t","item":"https:\/\/nhadatclub.com\/hadong\/khu-do-thi-van-khe-ha-dong"},{"@type":"ListItem","position":3,"name":"B\u1ea3n \u0110\u1ed3 Gi\u00e1 Nh\u00e0 \u0110\u1ea5t Khu \u0110\u00f4 Th\u1ecb V\u0103n Kh\u00ea"}]},{"@type":"WebSite","@id":"https:\/\/nhadatclub.com\/hadong\/#website","url":"https:\/\/nhadatclub.com\/hadong\/","name":"Nh\u00e0 \u0111\u1ea5t H\u00e0 \u0110\u00f4ng","description":"Mua b\u00e1n &amp; K\u00fd g\u1eedi nh\u00e0 \u0111\u1ea5t H\u00e0 \u0110\u00f4ng","publisher":{"@id":"https:\/\/nhadatclub.com\/hadong\/#organization"},"potentialAction":[{"@type":"SearchAction","target":{"@type":"EntryPoint","urlTemplate":"https:\/\/nhadatclub.com\/hadong\/?s={search_term_string}"},"query-input":{"@type":"PropertyValueSpecification","valueRequired":true,"valueName":"search_term_string"}}],"inLanguage":"vi"},{"@type":"Organization","@id":"https:\/\/nhadatclub.com\/hadong\/#organization","name":"Nh\u00e0 \u0111\u1ea5t H\u00e0 \u0110\u00f4ng","url":"https:\/\/nhadatclub.com\/hadong\/","logo":{"@type":"ImageObject","inLanguage":"vi","@id":"https:\/\/nhadatclub.com\/hadong\/#\/schema\/logo\/image\/","url":"https:\/\/nhadatclub.com\/hadong\/wp-content\/uploads\/2023\/09\/hadonglogo.png","contentUrl":"https:\/\/nhadatclub.com\/hadong\/wp-content\/uploads\/2023\/09\/hadonglogo.png","width":636,"height":150,"caption":"Nh\u00e0 \u0111\u1ea5t H\u00e0 \u0110\u00f4ng"},"image":{"@id":"https:\/\/nhadatclub.com\/hadong\/#\/schema\/logo\/image\/"},"sameAs":["https:\/\/www.facebook.com\/muabannhadathadong","https:\/\/www.facebook.com\/groups\/bannhadathadong"]}]}},"jetpack_sharing_enabled":true,"_links":{"self":[{"href":"https:\/\/nhadatclub.com\/hadong\/wp-json\/wp\/v2\/pages\/4392","targetHints":{"allow":["GET"]}}],"collection":[{"href":"https:\/\/nhadatclub.com\/hadong\/wp-json\/wp\/v2\/pages"}],"about":[{"href":"https:\/\/nhadatclub.com\/hadong\/wp-json\/wp\/v2\/types\/page"}],"author":[{"embeddable":true,"href":"https:\/\/nhadatclub.com\/hadong\/wp-json\/wp\/v2\/users\/1"}],"replies":[{"embeddable":true,"href":"https:\/\/nhadatclub.com\/hadong\/wp-json\/wp\/v2\/comments?post=4392"}],"version-history":[{"count":5,"href":"https:\/\/nhadatclub.com\/hadong\/wp-json\/wp\/v2\/pages\/4392\/revisions"}],"predecessor-version":[{"id":4456,"href":"https:\/\/nhadatclub.com\/hadong\/wp-json\/wp\/v2\/pages\/4392\/revisions\/4456"}],"up":[{"embeddable":true,"href":"https:\/\/nhadatclub.com\/hadong\/wp-json\/wp\/v2\/pages\/365"}],"wp:featuredmedia":[{"embeddable":true,"href":"https:\/\/nhadatclub.com\/hadong\/wp-json\/wp\/v2\/media\/4444"}],"wp:attachment":[{"href":"https:\/\/nhadatclub.com\/hadong\/wp-json\/wp\/v2\/media?parent=4392"}],"curies":[{"name":"wp","href":"https:\/\/api.w.org\/{rel}","templated":true}]}}