{"id":1926,"date":"2023-10-16T21:09:53","date_gmt":"2023-10-16T14:09:53","guid":{"rendered":"https:\/\/nhadatclub.com\/hadong\/?page_id=1926"},"modified":"2023-11-17T15:07:42","modified_gmt":"2023-11-17T08:07:42","slug":"thu-moi-hop-tac","status":"publish","type":"page","link":"https:\/\/nhadatclub.com\/hadong\/thu-moi-hop-tac","title":{"rendered":"Th\u01b0 M\u1eddi H\u1ee3p T\u00e1c Kinh Doanh"},"content":{"rendered":"\n<div id=\"wp-block-themeisle-blocks-advanced-columns-f00ebd32\" class=\"wp-block-themeisle-blocks-advanced-columns has-1-columns has-desktop-equal-layout has-tablet-equal-layout has-mobile-equal-layout has-vertical-unset has-light-bg\"><div class=\"wp-block-themeisle-blocks-advanced-columns-overlay\"><\/div><div class=\"innerblocks-wrap\">\n<div id=\"wp-block-themeisle-blocks-advanced-column-ed42b8cb\" class=\"wp-block-themeisle-blocks-advanced-column\">\n<iframe loading=\"lazy\" src=\"https:\/\/www.facebook.com\/plugins\/video.php?height=314&#038;href=https%3A%2F%2Fwww.facebook.com%2Fmuabannhadathadong%2Fvideos%2F320045224218639%2F&#038;show_text=false&#038;width=560&#038;t=0\" width=\"1100\" height=\"619\" style=\"border:none;overflow:hidden\" scrolling=\"no\" frameborder=\"0\" allowfullscreen=\"true\" play=\"auto\" allow=\"autoplay; clipboard-write; encrypted-media; picture-in-picture; web-share\" allowFullScreen=\"true\"><\/iframe>\n\n\n\n<h2 class=\"wp-block-heading has-text-align-center\">TH\u01af M\u1edcI H\u1ee2P T\u00c1C KINH DOANH<\/h2>\n\n\n\n<p class=\"has-text-align-left\">K\u00ednh g\u1eedi Qu\u00fd \u0111\u1ed1i t\u00e1c th\u00e2n m\u1ebfn!<\/p>\n\n\n\n<p>Nh\u00e0 \u0110\u1ea5t Club xin g\u1eedi l\u1eddi ch\u00e0o tr\u00e2n tr\u1ecdng v\u00e0 l\u1eddi m\u1eddi h\u1ee3p t\u00e1c kinh doanh \u0111\u1ea7y h\u1ee9a h\u1eb9n. Ch\u00fang t\u00f4i r\u1ea5t vui \u0111\u01b0\u1ee3c g\u1eedi t\u1edbi Qu\u00fd v\u1ecb th\u00f4ng \u0111i\u1ec7p n\u00e0y \u0111\u1ec3 chia s\u1ebb c\u01a1 h\u1ed9i h\u1ee3p t\u00e1c \u0111\u1ed9c \u0111\u00e1o v\u00e0 \u0111\u1ea7y ti\u1ec1m n\u0103ng v\u1edbi m\u1ee5c ti\u00eau c\u00f9ng nhau ph\u00e1t tri\u1ec3n v\u00e0 th\u00e0nh c\u00f4ng trong l\u0129nh v\u1ef1c b\u1ea5t \u0111\u1ed9ng s\u1ea3n.<\/p>\n\n\n\n<p>Nh\u00e0 \u0110\u1ea5t Club \u0111\u00e3 v\u00e0 \u0111ang ph\u00e1t tri\u1ec3n m\u1ea1nh m\u1ebd h\u1ec7 th\u1ed1ng PR v\u00e0 qu\u1ea3ng c\u00e1o, mang l\u1ea1i nhi\u1ec1u kh\u00e1ch h\u00e0ng ti\u1ec1m n\u0103ng. V\u1edbi m\u1ed9t \u0111\u1ed9i ng\u0169 chuy\u00ean nghi\u1ec7p, s\u00e1ng t\u1ea1o v\u00e0 \u0111am m\u00ea, ch\u00fang t\u00f4i cam k\u1ebft \u0111\u01b0a th\u00f4ng \u0111i\u1ec7p c\u1ee7a Qu\u00fd v\u1ecb t\u1edbi \u0111\u1ed1i t\u01b0\u1ee3ng m\u1ee5c ti\u00eau m\u1ed9t c\u00e1ch hi\u1ec7u qu\u1ea3 v\u00e0 s\u00e1ng t\u1ea1o nh\u1ea5t.<\/p>\n\n\n\n<p>Ch\u00fang t\u00f4i c\u0169ng t\u1ef1 h\u00e0o v\u1ec1 kh\u1ea3 n\u0103ng thu h\u00fat v\u00e0 duy\u1ec7t qua h\u00e0ng ng\u00e0n kh\u00e1ch h\u00e0ng ti\u1ec1m n\u0103ng h\u00e0ng ng\u00e0y. \u0110\u1ed1i v\u1edbi ch\u00fang t\u00f4i, kh\u00e1ch h\u00e0ng lu\u00f4n l\u00e0 \u01b0u ti\u00ean h\u00e0ng \u0111\u1ea7u, v\u00e0 ch\u00fang t\u00f4i hi\u1ec3u r\u1eb1ng h\u1ecd ch\u00ednh l\u00e0 c\u01a1 h\u1ed9i cho s\u1ef1 ph\u00e1t tri\u1ec3n b\u1ec1n v\u1eefng trong ng\u00e0nh b\u1ea5t \u0111\u1ed9ng s\u1ea3n.<\/p>\n\n\n\n<p>Ch\u00fang t\u00f4i mu\u1ed1n m\u1eddi c\u00e1c nh\u00e0 m\u00f4i gi\u1edbi, c\u00e1c v\u0103n ph\u00f2ng, v\u00e0 c\u00e1c c\u00f4ng ty kinh doanh b\u1ea5t \u0111\u1ed9ng s\u1ea3n tr\u00ean \u0111\u1ecba b\u00e0n qu\u1eadn H\u00e0 \u0110\u00f4ng, \u0111ang s\u1edf h\u1eefu ngu\u1ed3n nh\u00e0 \u0111\u1ea5t mu\u1ed1n b\u00e1n \u0111\u1ec3 tham gia h\u1ee3p t\u00e1c v\u1edbi ch\u00fang t\u00f4i. Nh\u00e0 \u0110\u1ea5t Club c\u00f3 s\u1ee9c m\u1ea1nh v\u1ec1 qu\u1ea3ng c\u00e1o v\u00e0 kh\u1ea3 n\u0103ng b\u00e1n s\u1ea3n ph\u1ea9m. Ch\u00fang ta s\u1ebd c\u00f9ng nhau th\u00fac \u0111\u1ea9y qu\u00e1 tr\u00ecnh b\u00e1n b\u1ea5t \u0111\u1ed9ng s\u1ea3n m\u1ed9t c\u00e1ch hi\u1ec7u qu\u1ea3 h\u01a1n, \u0111\u1ea3m b\u1ea3o s\u1ef1 h\u00e0i l\u00f2ng c\u1ee7a c\u1ea3 ng\u01b0\u1eddi b\u00e1n v\u00e0 ng\u01b0\u1eddi mua.<\/p>\n\n\n\n<p>M\u1ed9t \u0111i\u1ec1u quan tr\u1ecdng, ch\u00fang t\u00f4i cam k\u1ebft m\u1ed9t t\u1ef7 l\u1ec7 chia hoa h\u1ed3ng h\u1ea5p d\u1eabn v\u1edbi 50% cho Qu\u00fd v\u1ecb, nh\u1eb1m \u0111\u1ea3m b\u1ea3o r\u1eb1ng ch\u00fang ta c\u00f9ng nhau h\u01b0\u1edfng l\u1ee3i t\u1eeb s\u1ef1 th\u00e0nh c\u00f4ng.<\/p>\n\n\n\n<p>Ch\u00fang t\u00f4i tin r\u1eb1ng s\u1ef1 h\u1ee3p t\u00e1c gi\u1eefa Nh\u00e0 \u0110\u1ea5t Club v\u00e0 Qu\u00fd v\u1ecb s\u1ebd t\u1ea1o n\u00ean m\u1ed9t li\u00ean minh m\u1ea1nh m\u1ebd, v\u00e0 t\u1ea1o ra nhi\u1ec1u c\u01a1 h\u1ed9i th\u00fa v\u1ecb trong t\u01b0\u01a1ng lai.<\/p>\n\n\n\n<p>H\u00e3y c\u00f9ng ch\u00fang t\u00f4i x\u00e2y d\u1ef1ng m\u1ed9t t\u01b0\u01a1ng lai t\u01b0\u01a1i s\u00e1ng trong l\u0129nh v\u1ef1c b\u1ea5t \u0111\u1ed9ng s\u1ea3n. \u0110\u1eebng ng\u1ea7n ng\u1ea1i li\u00ean h\u1ec7 v\u1edbi ch\u00fang t\u00f4i \u0111\u1ec3 b\u1eaft \u0111\u1ea7u cu\u1ed9c h\u1ed9i tho\u1ea1i v\u00e0 bi\u1ebft th\u00eam chi ti\u1ebft.<\/p>\n\n\n\n<p>                   Tr\u00e2n tr\u1ecdng!<\/p>\n\n\n\n<div id=\"wp-block-themeisle-blocks-advanced-columns-536c27b4\" class=\"wp-block-themeisle-blocks-advanced-columns has-2-columns has-desktop-equal-layout has-tablet-equal-layout has-mobile-collapsedRows-layout has-vertical-unset\"><div class=\"wp-block-themeisle-blocks-advanced-columns-overlay\"><\/div><div class=\"innerblocks-wrap\">\n<div id=\"wp-block-themeisle-blocks-advanced-column-5e07ad81\" class=\"wp-block-themeisle-blocks-advanced-column\"><\/div>\n\n\n\n<div id=\"wp-block-themeisle-blocks-advanced-column-48de2e7e\" class=\"wp-block-themeisle-blocks-advanced-column\">\n<p class=\"has-text-align-center\" style=\"font-size:24px\"><strong>V\u0169 V\u0103n Hi\u1ebfu<\/strong><\/p>\n\n\n\n<p class=\"has-text-align-center\">Ch\u1ee7 t\u1ecbch <\/p>\n<\/div>\n<\/div><\/div>\n\n\n\n<h2 class=\"wp-block-heading\" id=\"h-nha-d\u1ea5t-club-ha-dong\">Nh\u00e0 \u0110\u1ea5t Club H\u00e0 \u0110\u00f4ng<\/h2>\n\n\n\n<ul class=\"wp-block-list\">\n<li>\u0110\u1ecba ch\u1ec9: 232 Ng\u00f4 Quy\u1ec1n, ph\u01b0\u1eddng La Kh\u00ea, qu\u1eadn H\u00e0 \u0110\u00f4ng, H\u00e0 N\u1ed9i<\/li>\n\n\n\n<li>\u0110i\u1ec7n tho\u1ea1i: 082 666 2626<\/li>\n\n\n\n<li>Email: info@nhadatclub.com <\/li>\n\n\n\n<li>Website: <a href=\"http:\/\/nhadatclub.com\/hadong\">nhadatclub.com\/hadong<\/a><\/li>\n\n\n\n<li>Fanpage: <a href=\"http:\/\/fb.com\/muabannhadathadong\">fb.com\/muabannhadathadong<\/a><\/li>\n<\/ul>\n\n\n\n<h2 class=\"wp-block-heading\">B\u00e1o ch\u00ed n\u00f3i v\u1ec1 Nh\u00e0 \u0110\u1ea5t Club<\/h2>\n\n\n\n<ul class=\"wp-block-list\">\n<li><strong>B\u00e1o Tu\u1ed5i Tr\u1ebb Th\u1ee7 \u0110\u00f4:&nbsp;<a href=\"https:\/\/tuoitrethudo.com.vn\/cach-tim-mua-nha-dat-ha-dong-voi-gia-tot-va-an-toan-237061.html\" target=\"_blank\" rel=\"noreferrer noopener\">C\u00e1ch t\u00ecm mua nh\u00e0 \u0111\u1ea5t H\u00e0 \u0110\u00f4ng v\u1edbi gi\u00e1 t\u1ed1t v\u00e0 an to\u00e0n<\/a><\/strong><\/li>\n\n\n\n<li><strong>B\u00e1o X\u00e2y D\u1ef1ng:&nbsp;<a href=\"https:\/\/baoxaydung.com.vn\/cau-lac-bo-nha-dat-ha-dong-doi-tac-tin-cay-trong-linh-vuc-bat-dong-san-363398.html\" target=\"_blank\" rel=\"noreferrer noopener\">C\u00e2u l\u1ea1c b\u1ed9 Nh\u00e0 \u0111\u1ea5t H\u00e0 \u0110\u00f4ng: \u0110\u1ed1i t\u00e1c tin c\u1eady trong l\u0129nh v\u1ef1c b\u1ea5t \u0111\u1ed9ng s\u1ea3n<\/a><\/strong><\/li>\n\n\n\n<li><strong>T\u1ea1p ch\u00ed VNmedia: <a href=\"https:\/\/vnmedia.vn\/kinh-te\/thi-truong\/202310\/huong-danmuanhadat-khu-vucha-dong-duoc-gia-tot-va-an-toan-ve-phap-ly-2d51c81\/\">H\u01b0\u1edbng d\u1eabn&nbsp;mua&nbsp;nh\u00e0&nbsp;\u0111\u1ea5t khu v\u1ef1c&nbsp;H\u00e0 \u0110\u00f4ng \u0111\u01b0\u1ee3c gi\u00e1 t\u1ed1t v\u00e0 an to\u00e0n v\u1ec1 ph\u00e1p l\u00fd<\/a><\/strong><\/li>\n<\/ul>\n\n\n\n<div style=\"height:61px\" aria-hidden=\"true\" class=\"wp-block-spacer\"><\/div>\n<\/div>\n<\/div><\/div>\n","protected":false},"excerpt":{"rendered":"","protected":false},"author":1,"featured_media":1935,"parent":0,"menu_order":0,"comment_status":"closed","ping_status":"closed","template":"","meta":{"neve_meta_sidebar":"","neve_meta_container":"","neve_meta_enable_content_width":"","neve_meta_content_width":0,"neve_meta_title_alignment":"","neve_meta_author_avatar":"","neve_post_elements_order":"","neve_meta_disable_header":"","neve_meta_disable_footer":"","neve_meta_disable_title":"on","neve_meta_reading_time":"","_themeisle_gutenberg_block_has_review":false,"jetpack_post_was_ever_published":false,"footnotes":""},"class_list":["post-1926","page","type-page","status-publish","has-post-thumbnail","hentry"],"yoast_head":"<!-- This site is optimized with the Yoast SEO Premium plugin v26.2 (Yoast SEO v27.4) - https:\/\/yoast.com\/product\/yoast-seo-premium-wordpress\/ -->\n<title>Th\u01b0 M\u1eddi H\u1ee3p T\u00e1c Kinh Doanh - Nh\u00e0 \u0111\u1ea5t H\u00e0 \u0110\u00f4ng<\/title>\n<meta name=\"description\" content=\"Nh\u00e0 \u0110\u1ea5t Club xin g\u1eedi l\u1eddi ch\u00e0o tr\u00e2n tr\u1ecdng v\u00e0 l\u1eddi m\u1eddi h\u1ee3p t\u00e1c kinh doanh \u0111\u1ea7y h\u1ee9a h\u1eb9n. Ch\u00fang t\u00f4i r\u1ea5t vui \u0111\u01b0\u1ee3c g\u1eedi t\u1edbi Qu\u00fd v\u1ecb th\u00f4ng \u0111i\u1ec7p n\u00e0y\" \/>\n<meta name=\"robots\" content=\"index, follow, max-snippet:-1, max-image-preview:large, max-video-preview:-1\" \/>\n<link rel=\"canonical\" href=\"https:\/\/nhadatclub.com\/hadong\/thu-moi-hop-tac\" \/>\n<meta property=\"og:locale\" content=\"vi_VN\" \/>\n<meta property=\"og:type\" content=\"article\" \/>\n<meta property=\"og:title\" content=\"Th\u01b0 M\u1eddi H\u1ee3p T\u00e1c Kinh Doanh\" \/>\n<meta property=\"og:description\" content=\"Nh\u00e0 \u0110\u1ea5t Club xin g\u1eedi l\u1eddi ch\u00e0o tr\u00e2n tr\u1ecdng v\u00e0 l\u1eddi m\u1eddi h\u1ee3p t\u00e1c kinh doanh \u0111\u1ea7y h\u1ee9a h\u1eb9n. Ch\u00fang t\u00f4i r\u1ea5t vui \u0111\u01b0\u1ee3c g\u1eedi t\u1edbi Qu\u00fd v\u1ecb th\u00f4ng \u0111i\u1ec7p n\u00e0y\" \/>\n<meta property=\"og:url\" content=\"https:\/\/nhadatclub.com\/hadong\/thu-moi-hop-tac\" \/>\n<meta property=\"og:site_name\" content=\"Nh\u00e0 \u0111\u1ea5t H\u00e0 \u0110\u00f4ng\" \/>\n<meta property=\"article:publisher\" content=\"https:\/\/www.facebook.com\/muabannhadathadong\" \/>\n<meta property=\"article:modified_time\" content=\"2023-11-17T08:07:42+00:00\" \/>\n<meta property=\"og:image\" content=\"https:\/\/nhadatclub.com\/hadong\/wp-content\/uploads\/2023\/10\/moi-hop-tac.jpg\" \/>\n\t<meta property=\"og:image:width\" content=\"800\" \/>\n\t<meta property=\"og:image:height\" content=\"450\" \/>\n\t<meta property=\"og:image:type\" content=\"image\/jpeg\" \/>\n<meta name=\"twitter:card\" content=\"summary_large_image\" \/>\n<meta name=\"twitter:label1\" content=\"\u01af\u1edbc t\u00ednh th\u1eddi gian \u0111\u1ecdc\" \/>\n\t<meta name=\"twitter:data1\" content=\"3 ph\u00fat\" \/>\n<script type=\"application\/ld+json\" class=\"yoast-schema-graph\">{\"@context\":\"https:\\\/\\\/schema.org\",\"@graph\":[{\"@type\":\"WebPage\",\"@id\":\"https:\\\/\\\/nhadatclub.com\\\/hadong\\\/thu-moi-hop-tac\",\"url\":\"https:\\\/\\\/nhadatclub.com\\\/hadong\\\/thu-moi-hop-tac\",\"name\":\"Th\u01b0 M\u1eddi H\u1ee3p T\u00e1c Kinh Doanh - Nh\u00e0 \u0111\u1ea5t H\u00e0 \u0110\u00f4ng\",\"isPartOf\":{\"@id\":\"https:\\\/\\\/nhadatclub.com\\\/hadong\\\/#website\"},\"primaryImageOfPage\":{\"@id\":\"https:\\\/\\\/nhadatclub.com\\\/hadong\\\/thu-moi-hop-tac#primaryimage\"},\"image\":{\"@id\":\"https:\\\/\\\/nhadatclub.com\\\/hadong\\\/thu-moi-hop-tac#primaryimage\"},\"thumbnailUrl\":\"https:\\\/\\\/nhadatclub.com\\\/hadong\\\/wp-content\\\/uploads\\\/2023\\\/10\\\/moi-hop-tac.jpg\",\"datePublished\":\"2023-10-16T14:09:53+00:00\",\"dateModified\":\"2023-11-17T08:07:42+00:00\",\"description\":\"Nh\u00e0 \u0110\u1ea5t Club xin g\u1eedi l\u1eddi ch\u00e0o tr\u00e2n tr\u1ecdng v\u00e0 l\u1eddi m\u1eddi h\u1ee3p t\u00e1c kinh doanh \u0111\u1ea7y h\u1ee9a h\u1eb9n. Ch\u00fang t\u00f4i r\u1ea5t vui \u0111\u01b0\u1ee3c g\u1eedi t\u1edbi Qu\u00fd v\u1ecb th\u00f4ng \u0111i\u1ec7p n\u00e0y\",\"breadcrumb\":{\"@id\":\"https:\\\/\\\/nhadatclub.com\\\/hadong\\\/thu-moi-hop-tac#breadcrumb\"},\"inLanguage\":\"vi\",\"potentialAction\":[{\"@type\":\"ReadAction\",\"target\":[\"https:\\\/\\\/nhadatclub.com\\\/hadong\\\/thu-moi-hop-tac\"]}]},{\"@type\":\"ImageObject\",\"inLanguage\":\"vi\",\"@id\":\"https:\\\/\\\/nhadatclub.com\\\/hadong\\\/thu-moi-hop-tac#primaryimage\",\"url\":\"https:\\\/\\\/nhadatclub.com\\\/hadong\\\/wp-content\\\/uploads\\\/2023\\\/10\\\/moi-hop-tac.jpg\",\"contentUrl\":\"https:\\\/\\\/nhadatclub.com\\\/hadong\\\/wp-content\\\/uploads\\\/2023\\\/10\\\/moi-hop-tac.jpg\",\"width\":800,\"height\":450,\"caption\":\"M\u1eddi h\u1ee3p t\u00e1c kinh doanh\"},{\"@type\":\"BreadcrumbList\",\"@id\":\"https:\\\/\\\/nhadatclub.com\\\/hadong\\\/thu-moi-hop-tac#breadcrumb\",\"itemListElement\":[{\"@type\":\"ListItem\",\"position\":1,\"name\":\"H\u00e0 \u0110\u00f4ng\",\"item\":\"https:\\\/\\\/nhadatclub.com\\\/hadong\\\/\"},{\"@type\":\"ListItem\",\"position\":2,\"name\":\"Th\u01b0 M\u1eddi H\u1ee3p T\u00e1c Kinh Doanh\"}]},{\"@type\":\"WebSite\",\"@id\":\"https:\\\/\\\/nhadatclub.com\\\/hadong\\\/#website\",\"url\":\"https:\\\/\\\/nhadatclub.com\\\/hadong\\\/\",\"name\":\"Nh\u00e0 \u0111\u1ea5t H\u00e0 \u0110\u00f4ng\",\"description\":\"Mua b\u00e1n &amp; K\u00fd g\u1eedi nh\u00e0 \u0111\u1ea5t H\u00e0 \u0110\u00f4ng\",\"publisher\":{\"@id\":\"https:\\\/\\\/nhadatclub.com\\\/hadong\\\/#organization\"},\"potentialAction\":[{\"@type\":\"SearchAction\",\"target\":{\"@type\":\"EntryPoint\",\"urlTemplate\":\"https:\\\/\\\/nhadatclub.com\\\/hadong\\\/?s={search_term_string}\"},\"query-input\":{\"@type\":\"PropertyValueSpecification\",\"valueRequired\":true,\"valueName\":\"search_term_string\"}}],\"inLanguage\":\"vi\"},{\"@type\":\"Organization\",\"@id\":\"https:\\\/\\\/nhadatclub.com\\\/hadong\\\/#organization\",\"name\":\"Nh\u00e0 \u0111\u1ea5t H\u00e0 \u0110\u00f4ng\",\"url\":\"https:\\\/\\\/nhadatclub.com\\\/hadong\\\/\",\"logo\":{\"@type\":\"ImageObject\",\"inLanguage\":\"vi\",\"@id\":\"https:\\\/\\\/nhadatclub.com\\\/hadong\\\/#\\\/schema\\\/logo\\\/image\\\/\",\"url\":\"https:\\\/\\\/nhadatclub.com\\\/hadong\\\/wp-content\\\/uploads\\\/2023\\\/09\\\/hadonglogo.png\",\"contentUrl\":\"https:\\\/\\\/nhadatclub.com\\\/hadong\\\/wp-content\\\/uploads\\\/2023\\\/09\\\/hadonglogo.png\",\"width\":636,\"height\":150,\"caption\":\"Nh\u00e0 \u0111\u1ea5t H\u00e0 \u0110\u00f4ng\"},\"image\":{\"@id\":\"https:\\\/\\\/nhadatclub.com\\\/hadong\\\/#\\\/schema\\\/logo\\\/image\\\/\"},\"sameAs\":[\"https:\\\/\\\/www.facebook.com\\\/muabannhadathadong\",\"https:\\\/\\\/www.facebook.com\\\/groups\\\/bannhadathadong\"]}]}<\/script>\n<!-- \/ Yoast SEO Premium plugin. -->","yoast_head_json":{"title":"Th\u01b0 M\u1eddi H\u1ee3p T\u00e1c Kinh Doanh - Nh\u00e0 \u0111\u1ea5t H\u00e0 \u0110\u00f4ng","description":"Nh\u00e0 \u0110\u1ea5t Club xin g\u1eedi l\u1eddi ch\u00e0o tr\u00e2n tr\u1ecdng v\u00e0 l\u1eddi m\u1eddi h\u1ee3p t\u00e1c kinh doanh \u0111\u1ea7y h\u1ee9a h\u1eb9n. Ch\u00fang t\u00f4i r\u1ea5t vui \u0111\u01b0\u1ee3c g\u1eedi t\u1edbi Qu\u00fd v\u1ecb th\u00f4ng \u0111i\u1ec7p n\u00e0y","robots":{"index":"index","follow":"follow","max-snippet":"max-snippet:-1","max-image-preview":"max-image-preview:large","max-video-preview":"max-video-preview:-1"},"canonical":"https:\/\/nhadatclub.com\/hadong\/thu-moi-hop-tac","og_locale":"vi_VN","og_type":"article","og_title":"Th\u01b0 M\u1eddi H\u1ee3p T\u00e1c Kinh Doanh","og_description":"Nh\u00e0 \u0110\u1ea5t Club xin g\u1eedi l\u1eddi ch\u00e0o tr\u00e2n tr\u1ecdng v\u00e0 l\u1eddi m\u1eddi h\u1ee3p t\u00e1c kinh doanh \u0111\u1ea7y h\u1ee9a h\u1eb9n. Ch\u00fang t\u00f4i r\u1ea5t vui \u0111\u01b0\u1ee3c g\u1eedi t\u1edbi Qu\u00fd v\u1ecb th\u00f4ng \u0111i\u1ec7p n\u00e0y","og_url":"https:\/\/nhadatclub.com\/hadong\/thu-moi-hop-tac","og_site_name":"Nh\u00e0 \u0111\u1ea5t H\u00e0 \u0110\u00f4ng","article_publisher":"https:\/\/www.facebook.com\/muabannhadathadong","article_modified_time":"2023-11-17T08:07:42+00:00","og_image":[{"width":800,"height":450,"url":"https:\/\/nhadatclub.com\/hadong\/wp-content\/uploads\/2023\/10\/moi-hop-tac.jpg","type":"image\/jpeg"}],"twitter_card":"summary_large_image","twitter_misc":{"\u01af\u1edbc t\u00ednh th\u1eddi gian \u0111\u1ecdc":"3 ph\u00fat"},"schema":{"@context":"https:\/\/schema.org","@graph":[{"@type":"WebPage","@id":"https:\/\/nhadatclub.com\/hadong\/thu-moi-hop-tac","url":"https:\/\/nhadatclub.com\/hadong\/thu-moi-hop-tac","name":"Th\u01b0 M\u1eddi H\u1ee3p T\u00e1c Kinh Doanh - Nh\u00e0 \u0111\u1ea5t H\u00e0 \u0110\u00f4ng","isPartOf":{"@id":"https:\/\/nhadatclub.com\/hadong\/#website"},"primaryImageOfPage":{"@id":"https:\/\/nhadatclub.com\/hadong\/thu-moi-hop-tac#primaryimage"},"image":{"@id":"https:\/\/nhadatclub.com\/hadong\/thu-moi-hop-tac#primaryimage"},"thumbnailUrl":"https:\/\/nhadatclub.com\/hadong\/wp-content\/uploads\/2023\/10\/moi-hop-tac.jpg","datePublished":"2023-10-16T14:09:53+00:00","dateModified":"2023-11-17T08:07:42+00:00","description":"Nh\u00e0 \u0110\u1ea5t Club xin g\u1eedi l\u1eddi ch\u00e0o tr\u00e2n tr\u1ecdng v\u00e0 l\u1eddi m\u1eddi h\u1ee3p t\u00e1c kinh doanh \u0111\u1ea7y h\u1ee9a h\u1eb9n. Ch\u00fang t\u00f4i r\u1ea5t vui \u0111\u01b0\u1ee3c g\u1eedi t\u1edbi Qu\u00fd v\u1ecb th\u00f4ng \u0111i\u1ec7p n\u00e0y","breadcrumb":{"@id":"https:\/\/nhadatclub.com\/hadong\/thu-moi-hop-tac#breadcrumb"},"inLanguage":"vi","potentialAction":[{"@type":"ReadAction","target":["https:\/\/nhadatclub.com\/hadong\/thu-moi-hop-tac"]}]},{"@type":"ImageObject","inLanguage":"vi","@id":"https:\/\/nhadatclub.com\/hadong\/thu-moi-hop-tac#primaryimage","url":"https:\/\/nhadatclub.com\/hadong\/wp-content\/uploads\/2023\/10\/moi-hop-tac.jpg","contentUrl":"https:\/\/nhadatclub.com\/hadong\/wp-content\/uploads\/2023\/10\/moi-hop-tac.jpg","width":800,"height":450,"caption":"M\u1eddi h\u1ee3p t\u00e1c kinh doanh"},{"@type":"BreadcrumbList","@id":"https:\/\/nhadatclub.com\/hadong\/thu-moi-hop-tac#breadcrumb","itemListElement":[{"@type":"ListItem","position":1,"name":"H\u00e0 \u0110\u00f4ng","item":"https:\/\/nhadatclub.com\/hadong\/"},{"@type":"ListItem","position":2,"name":"Th\u01b0 M\u1eddi H\u1ee3p T\u00e1c Kinh Doanh"}]},{"@type":"WebSite","@id":"https:\/\/nhadatclub.com\/hadong\/#website","url":"https:\/\/nhadatclub.com\/hadong\/","name":"Nh\u00e0 \u0111\u1ea5t H\u00e0 \u0110\u00f4ng","description":"Mua b\u00e1n &amp; K\u00fd g\u1eedi nh\u00e0 \u0111\u1ea5t H\u00e0 \u0110\u00f4ng","publisher":{"@id":"https:\/\/nhadatclub.com\/hadong\/#organization"},"potentialAction":[{"@type":"SearchAction","target":{"@type":"EntryPoint","urlTemplate":"https:\/\/nhadatclub.com\/hadong\/?s={search_term_string}"},"query-input":{"@type":"PropertyValueSpecification","valueRequired":true,"valueName":"search_term_string"}}],"inLanguage":"vi"},{"@type":"Organization","@id":"https:\/\/nhadatclub.com\/hadong\/#organization","name":"Nh\u00e0 \u0111\u1ea5t H\u00e0 \u0110\u00f4ng","url":"https:\/\/nhadatclub.com\/hadong\/","logo":{"@type":"ImageObject","inLanguage":"vi","@id":"https:\/\/nhadatclub.com\/hadong\/#\/schema\/logo\/image\/","url":"https:\/\/nhadatclub.com\/hadong\/wp-content\/uploads\/2023\/09\/hadonglogo.png","contentUrl":"https:\/\/nhadatclub.com\/hadong\/wp-content\/uploads\/2023\/09\/hadonglogo.png","width":636,"height":150,"caption":"Nh\u00e0 \u0111\u1ea5t H\u00e0 \u0110\u00f4ng"},"image":{"@id":"https:\/\/nhadatclub.com\/hadong\/#\/schema\/logo\/image\/"},"sameAs":["https:\/\/www.facebook.com\/muabannhadathadong","https:\/\/www.facebook.com\/groups\/bannhadathadong"]}]}},"jetpack_sharing_enabled":true,"_links":{"self":[{"href":"https:\/\/nhadatclub.com\/hadong\/wp-json\/wp\/v2\/pages\/1926","targetHints":{"allow":["GET"]}}],"collection":[{"href":"https:\/\/nhadatclub.com\/hadong\/wp-json\/wp\/v2\/pages"}],"about":[{"href":"https:\/\/nhadatclub.com\/hadong\/wp-json\/wp\/v2\/types\/page"}],"author":[{"embeddable":true,"href":"https:\/\/nhadatclub.com\/hadong\/wp-json\/wp\/v2\/users\/1"}],"replies":[{"embeddable":true,"href":"https:\/\/nhadatclub.com\/hadong\/wp-json\/wp\/v2\/comments?post=1926"}],"version-history":[{"count":16,"href":"https:\/\/nhadatclub.com\/hadong\/wp-json\/wp\/v2\/pages\/1926\/revisions"}],"predecessor-version":[{"id":5460,"href":"https:\/\/nhadatclub.com\/hadong\/wp-json\/wp\/v2\/pages\/1926\/revisions\/5460"}],"wp:featuredmedia":[{"embeddable":true,"href":"https:\/\/nhadatclub.com\/hadong\/wp-json\/wp\/v2\/media\/1935"}],"wp:attachment":[{"href":"https:\/\/nhadatclub.com\/hadong\/wp-json\/wp\/v2\/media?parent=1926"}],"curies":[{"name":"wp","href":"https:\/\/api.w.org\/{rel}","templated":true}]}}